{"id":474,"date":"2022-11-11T10:28:16","date_gmt":"2022-11-11T10:28:16","guid":{"rendered":"https:\/\/www.coledeteatredebarcelona.com\/politica-de-cookies\/"},"modified":"2025-02-24T17:44:13","modified_gmt":"2025-02-24T17:44:13","slug":"politica-de-cookies","status":"publish","type":"page","link":"https:\/\/www.coledeteatredebarcelona.com\/es\/politica-de-cookies\/","title":{"rendered":"Pol\u00edtica de cookies"},"content":{"rendered":"\n<p>Una \u00abCookie\u00bb es un peque\u00f1o archivo que se almacena en el ordenador del usuario y nos permite reconocerle. El conjunto de \u00abcookies\u00bb nos ayuda a mejorar la calidad de nuestra web, permiti\u00e9ndonos controlar qu\u00e9 p\u00e1ginas encuentran nuestros usuarios \u00fatiles y cu\u00e1les no.<\/p>\n\n\n\n<p>Las cookies son esenciales para el funcionamiento de internet, aportando innumerables ventajas en la prestaci\u00f3n de servicios interactivos, facilit\u00e1ndole la navegaci\u00f3n y usabilidad de nuestra web. Tenga en cuenta que las cookies no pueden da\u00f1ar su equipo y que, a cambio, el que est\u00e9n activadas nos ayudan a identificar y resolver los errores.<\/p>\n\n\n\n<p>La informaci\u00f3n que le proporcionamos a continuaci\u00f3n, le ayudar\u00e1 a comprender los diferentes tipos de cookies:<\/p>\n\n\n\n<h3 class=\"wp-block-heading\">Cookies de sesi\u00f3n:<\/h3>\n\n\n\n<p>Son cookies temporales que permanecen en el archivo de cookies de su navegador hasta que abandone la p\u00e1gina web, por lo que ninguna queda registrada en el disco duro del usuario. La informaci\u00f3n obtenida por medio de estas cookies, sirven para analizar pautas de tr\u00e1fico en la web. A la larga, esto nos permite proporcionar una mejor experiencia para mejorar el contenido y facilitando su uso.<\/p>\n\n\n\n<h3 class=\"wp-block-heading\">Cookies permanentes:<\/h3>\n\n\n\n<p>Son almacenadas en el disco duro y nuestra web las lee cada vez que usted realiza una nueva visita. Una web permanente posee una fecha de expiraci\u00f3n determinada. La cookie dejar\u00e1 de funcionar despu\u00e9s de esa fecha.&nbsp;<\/p>\n\n\n\n<p>A continuaci\u00f3n publicamos una relaci\u00f3n de las principales cookies utilizadas en nuestra Web, distinguiendo:<\/p>\n\n\n<div class=\"wp-block-list\">\n<ul class=\"wp-block-list\">\n<li><strong>Las cookies estrictamente necesarias<\/strong>\u00a0como por ejemplo, aquellas que sirvan para una correcta navegaci\u00f3n o las que permitan realizar servicios solicitados por el usuario o cookies que sirvan para asegurar que el contenido de la p\u00e1gina web se carga eficazmente.<\/li>\n\n\n\n<li><strong>Las cookies de terceros\u00a0<\/strong>como por ejemplo, las usadas por redes sociales, o por complementos externos de contenido.<\/li>\n\n\n\n<li>Las\u00a0<strong>cookies anal\u00edticas\u00a0<\/strong>con prop\u00f3sitos de mantenimiento peri\u00f3dico, y en aras de garantizar el mejor servicio posible al usuario, los sitios web\u00b4s hacen uso normalmente de cookies \u00abanal\u00edticas\u00bb para recopilar datos estad\u00edsticos de la actividad .<\/li>\n<\/ul>\n<\/div>\n\n\n<h3 class=\"wp-block-heading\">Relaci\u00f3n y descripci\u00f3n de las Cookes que utilizamos en la p\u00e1gina web:<\/h3>\n\n\n\n<p>La tabla que publicamos a continuaci\u00f3n recoge, de forma esquematizada, las cookies que utilizamos en nuestro sitio web:<\/p>\n\n\n\n<figure class=\"wp-block-flexible-table-block-table is-content-justification-left has-tiny-font-size\" style=\"margin-top:var(--wp--preset--spacing--50);margin-bottom:var(--wp--preset--spacing--50)\"><table class=\"has-fixed-layout\"><thead><tr><th>Cookie<\/th><th>Nombre<\/th><th>Finalidad \/ Mas informaci\u00f3n<\/th><th style=\"text-align:right\">Vencimento<\/th><\/tr><\/thead><tbody><tr><td rowspan=\"5\" style=\"vertical-align:top\">Google Analytics<\/td><td style=\"vertical-align:top\">__utma<\/td><td style=\"vertical-align:top\">Colegio de Teatro de Barcelona utiliza Google Analytics en el sitio web para poder realizar un seguimiento de la actividad que se realiza.<\/td><td style=\"text-align:right;vertical-align:top\">2 a\u00f1os<\/td><\/tr><tr><td style=\"vertical-align:top\">__utmb<\/td><td style=\"vertical-align:top\">Las cookies de Google Analytics compilan informaci\u00f3n de registro est\u00e1ndar y datos sobre los h\u00e1bitos de los visitantes de forma an\u00f3nima.<\/td><td style=\"text-align:right;vertical-align:top\">30 min.<\/td><\/tr><tr><td style=\"vertical-align:top\">__utmc<\/td><td style=\"vertical-align:top\"><\/td><td style=\"text-align:right;vertical-align:top\">Sessi\u00f3<\/td><\/tr><tr><td style=\"vertical-align:top\">__utmz<\/td><td style=\"vertical-align:top\"><\/td><td style=\"text-align:right;vertical-align:top\">2 a\u00f1os<\/td><\/tr><tr><td style=\"vertical-align:top\">_utmv<\/td><td style=\"vertical-align:top\"><\/td><td style=\"text-align:right\">2 a\u00f1os<\/td><\/tr><\/tbody><\/table><\/figure>\n\n\n\n<h3 class=\"wp-block-heading\">Garant\u00edas complementarias \u2013 Gesti\u00f3n de cookies:<\/h3>\n\n\n\n<p>Como garant\u00eda complementaria a las anteriormente descritas, el registro de las cookies podr\u00e1 estar sujeto a su aceptaci\u00f3n durante la instalaci\u00f3n o puesta al d\u00eda del navegador usado, y esta aceptaci\u00f3n puede en todo momento ser revocada mediante las opciones de configuraci\u00f3n de contenidos y privacidad disponibles.<\/p>\n\n\n\n<p>Muchos navegadores permiten activar un modo privado mediante el cual las cookies se borran siempre despu\u00e9s de su visita. Dependiendo de cada navegador este modo privado, puede tener diferentes nombres. A continuaci\u00f3n encontrar\u00e1 una lista de los navegadores m\u00e1s comunes y los diferentes nombres de este \u201cmodo privado\u201d:<\/p>\n\n\n\n<p>Internet Explorer 8 y superior; InPrivate Safari 2 y superior; Navegaci\u00f3n Privada Opera 10.5 y superior; Navegaci\u00f3n Privada FireFox 3.5 y superior; Navegaci\u00f3n Privada Google Chrome 10 y superior; Inc\u00f3gnito<\/p>\n\n\n\n<p>Importante: Por favor, lea atentamente la secci\u00f3n de ayuda de su navegador para conocer m\u00e1s acerca de c\u00f3mo activar el \u201cmodo privado\u201d. Podr\u00e1 seguir visitando nuestra web aunque su navegador est\u00e9 en \u201cmodo privado\u201d, si bien, su navegaci\u00f3n por nuestra web puede no ser \u00f3ptima y algunas utilidades pueden no funcionar correctamente.<\/p>\n\n\n\n<p><\/p>\n","protected":false},"excerpt":{"rendered":"<p>Una \u00abCookie\u00bb es un peque\u00f1o archivo que se almacena en el ordenador del usuario y nos permite reconocerle. El conjunto de \u00abcookies\u00bb nos ayuda a mejorar la calidad de nuestra web, permiti\u00e9ndonos controlar qu\u00e9 p\u00e1ginas encuentran nuestros usuarios \u00fatiles y cu\u00e1les no. Las cookies son esenciales para el funcionamiento de internet, aportando innumerables ventajas en [&hellip;]<\/p>\n","protected":false},"author":1,"featured_media":0,"parent":0,"menu_order":22,"comment_status":"closed","ping_status":"closed","template":"controllers\/legal-page.php","meta":{"_seopress_robots_primary_cat":"","_seopress_titles_title":"","_seopress_titles_desc":"","_seopress_robots_index":"","inline_featured_image":false,"workshop_title":"","post_summary":"","footnotes":""},"class_list":["post-474","page","type-page","status-publish","hentry"],"_links":{"self":[{"href":"https:\/\/www.coledeteatredebarcelona.com\/es\/wp-json\/wp\/v2\/pages\/474","targetHints":{"allow":["GET"]}}],"collection":[{"href":"https:\/\/www.coledeteatredebarcelona.com\/es\/wp-json\/wp\/v2\/pages"}],"about":[{"href":"https:\/\/www.coledeteatredebarcelona.com\/es\/wp-json\/wp\/v2\/types\/page"}],"author":[{"embeddable":true,"href":"https:\/\/www.coledeteatredebarcelona.com\/es\/wp-json\/wp\/v2\/users\/1"}],"replies":[{"embeddable":true,"href":"https:\/\/www.coledeteatredebarcelona.com\/es\/wp-json\/wp\/v2\/comments?post=474"}],"version-history":[{"count":0,"href":"https:\/\/www.coledeteatredebarcelona.com\/es\/wp-json\/wp\/v2\/pages\/474\/revisions"}],"wp:attachment":[{"href":"https:\/\/www.coledeteatredebarcelona.com\/es\/wp-json\/wp\/v2\/media?parent=474"}],"curies":[{"name":"wp","href":"https:\/\/api.w.org\/{rel}","templated":true}]}}