{"id":512,"date":"2025-02-24T10:54:09","date_gmt":"2025-02-24T10:54:09","guid":{"rendered":"https:\/\/www.coledeteatredebarcelona.com\/el-collegi\/pla-pedagogic\/"},"modified":"2025-07-24T11:01:12","modified_gmt":"2025-07-24T11:01:12","slug":"plan-pedagogico","status":"publish","type":"page","link":"https:\/\/www.coledeteatredebarcelona.com\/es\/el-collegi\/plan-pedagogico\/","title":{"rendered":"Plan pedag\u00f3gico"},"content":{"rendered":"\n<header class=\"wp-block-cover alignfull has-custom-content-position is-position-bottom-center page-header\" style=\"min-height:30vh;aspect-ratio:unset;\"><img loading=\"lazy\" decoding=\"async\" width=\"1024\" height=\"684\" class=\"wp-block-cover__image-background wp-image-592 size-full\" alt=\"\" src=\"https:\/\/www.coledeteatredebarcelona.com\/wp-content\/uploads\/2025\/07\/capcalera-pla-pedagogic-1.jpg\" style=\"object-position:48% 24%\" data-object-fit=\"cover\" data-object-position=\"48% 24%\" srcset=\"https:\/\/www.coledeteatredebarcelona.com\/wp-content\/uploads\/2025\/07\/capcalera-pla-pedagogic-1.jpg 1024w, https:\/\/www.coledeteatredebarcelona.com\/wp-content\/uploads\/2025\/07\/capcalera-pla-pedagogic-1-600x401.jpg 600w, https:\/\/www.coledeteatredebarcelona.com\/wp-content\/uploads\/2025\/07\/capcalera-pla-pedagogic-1-768x513.jpg 768w, https:\/\/www.coledeteatredebarcelona.com\/wp-content\/uploads\/2025\/07\/capcalera-pla-pedagogic-1-50x33.jpg 50w\" sizes=\"auto, (max-width: 1024px) 100vw, 1024px\" \/><span aria-hidden=\"true\" class=\"wp-block-cover__background has-background-dim-0 has-background-dim\" style=\"background-color:#222e47\"><\/span><div class=\"wp-block-cover__inner-container has-global-padding is-layout-constrained wp-block-cover-is-layout-constrained\">\n<div class=\"wp-block-group is-layout-flow wp-block-group-is-layout-flow\" style=\"padding-top:var(--wp--preset--spacing--20);padding-bottom:var(--wp--preset--spacing--20)\"><h1 style=\"line-height:1.3;\" class=\"wp-block-post-title\">Plan pedag\u00f3gico<\/h1><\/div>\n<\/div><\/header>\n\n\n\n<div class=\"wp-block-group has-global-padding is-layout-constrained wp-block-group-is-layout-constrained\"><nav class=\"breadcrumb\" itemprop=\"breadcrumb\">\n\t<ul>\n\t\t<li class=\"breadcrumb__home\">\n\t\t\t<a href=\"\">\n\t\t\t\t<i class=\"icon-home\">\n\t\t\t\t\t<svg width=\"16\" height=\"18\" viewBox=\"0 0 16 18\" fill=\"none\" xmlns=\"http:\/\/www.w3.org\/2000\/svg\">\n\t\t\t\t\t\t<path d=\"M0 18V6L8 0L16 6V18H10V11H6V18H0Z\" fill=\"currentColor\"\/>\n\t\t\t\t\t<\/svg>\n\t\t\t\t<\/i>\n\t\t\t\t<span class=\"home-text\">Inicio<\/span>\n\t\t\t<\/a>\n\t\t<\/li>\n\t\t\n\t\t\t\t\n\t\t\t\t\n\t<\/ul>\n<\/nav>\n<\/div>\n\n\n\n<div class=\"wp-block-group is-style-section has-global-padding is-layout-constrained wp-block-group-is-layout-constrained\">\n<p>El Col\u00b7legi de Teatre de Barcelona se define pedag\u00f3gicamente como <strong>una propuesta abierta en el campo de la formaci\u00f3n de actores para teatro, cine y televisi\u00f3n<\/strong>, ya que es una escuela plural pensada para impartir los diferentes m\u00e9todos teatrales y con la voluntad de incorporar <strong>nuevas tendencias.<\/strong><\/p>\n\n\n\n<p>El plan de formaci\u00f3n consta de cuatro grandes bloques troncales: t\u00e9cnicas de interpretaci\u00f3n, t\u00e9cnicas de voz, t\u00e9cnicas corporales y teor\u00eda esc\u00e9nica, donde se aplican diferentes metodolog\u00edas de trabajo: Lecoq, Uta Hagen, Decroux, Mamet, Grotowski, Stanislavski, etc., as\u00ed como distintas disciplinas: lectura y an\u00e1lisis de texto, improvisaci\u00f3n, juego, creaci\u00f3n, drama, comedia, t\u00e9cnicas de respiraci\u00f3n, fon\u00e9tica, resonancias, an\u00e1lisis del movimiento, conciencia corporal, danza, aikido, energ\u00eda y otras.<\/p>\n\n\n\n<p>Para <a href=\"https:\/\/www.coledeteatredebarcelona.com\/wp-content\/uploads\/2025\/02\/NOFC-4-4-2017_marca.pdf\">consultar las NOFC<\/a> (Normas de organizaci\u00f3n y funcionamiento del centro), el PEC (Proyecto educativo de centro) y el <a href=\"https:\/\/www.coledeteatredebarcelona.com\/wp-content\/uploads\/2025\/02\/PLA-DE-CONVIVENCIA_marca.pdf\">Plan de Convivencia<\/a>, el Plan de actuaci\u00f3n para el curso 2021-2022 en el marco de la pandemia (<a href=\"https:\/\/www.coledeteatredebarcelona.com\/wp-content\/uploads\/2025\/02\/Mesures-excepcionals-organitzatives-curs-2021_22-Alumnes.pdf\">Medidas<\/a>), y el <a href=\"https:\/\/www.coledeteatredebarcelona.com\/wp-content\/uploads\/2025\/02\/COMUNICAT.pdf\">Comunicado<\/a> de diciembre de 2021. Para m\u00e1s informaci\u00f3n, pod\u00e9is dirigiros a la secretar\u00eda del centro.<\/p>\n\n\n<div class=\"downloads-block wp-block-buttons\">\n\t\t\t<div class=\"wp-block-buttons\">\n\t\t\t\t\t\t\t<a\n\t\t\t\t\t\tclass=\"wp-block-button__link wp-element-button downloads-block__button\"\n\t\t\t\t\t\thref=\"https:\/\/www.coledeteatredebarcelona.com\/wp-content\/uploads\/2025\/02\/NOFC-4-4-2017_marca.pdf\"\n\t\t\t\t\t\ttarget=\"_blank\">\n\t\t\t\t\t<svg width=\"16\" height=\"16\" viewBox=\"0 0 16 16\" fill=\"none\" xmlns=\"http:\/\/www.w3.org\/2000\/svg\">\n\t\t\t\t\t\t<path d=\"M8 12L3 7L4.4 5.55L7 8.15V0H9V8.15L11.6 5.55L13 7L8 12ZM2 16C1.45 16 0.979333 15.8043 0.588 15.413C0.196666 15.0217 0.000666667 14.5507 0 14V11H2V14H14V11H16V14C16 14.55 15.8043 15.021 15.413 15.413C15.0217 15.805 14.5507 16.0007 14 16H2Z\" fill=\"currentColor\"\/>\n\t\t\t\t\t<\/svg>\n\t\t\t\t\t<span>Normas de organizaci\u00f3n y funcionamiento del centro<\/span>\n\t\t\t\t<\/a>\n\t\t\t\t\t\t\t<a\n\t\t\t\t\t\tclass=\"wp-block-button__link wp-element-button downloads-block__button\"\n\t\t\t\t\t\thref=\"https:\/\/www.coledeteatredebarcelona.com\/wp-content\/uploads\/2025\/02\/PLA-DE-CONVIVENCIA_marca.pdf\"\n\t\t\t\t\t\ttarget=\"_blank\">\n\t\t\t\t\t<svg width=\"16\" height=\"16\" viewBox=\"0 0 16 16\" fill=\"none\" xmlns=\"http:\/\/www.w3.org\/2000\/svg\">\n\t\t\t\t\t\t<path d=\"M8 12L3 7L4.4 5.55L7 8.15V0H9V8.15L11.6 5.55L13 7L8 12ZM2 16C1.45 16 0.979333 15.8043 0.588 15.413C0.196666 15.0217 0.000666667 14.5507 0 14V11H2V14H14V11H16V14C16 14.55 15.8043 15.021 15.413 15.413C15.0217 15.805 14.5507 16.0007 14 16H2Z\" fill=\"currentColor\"\/>\n\t\t\t\t\t<\/svg>\n\t\t\t\t\t<span>Plan de convivencia<\/span>\n\t\t\t\t<\/a>\n\t\t\t\t\t<\/div>\n\t<\/div><\/div>\n\n\n\n<div class=\"wp-block-group alignfull is-style-section has-gray-light-background-color has-background is-vertical is-content-justification-center is-layout-flex wp-container-core-group-is-layout-ce155fab wp-block-group-is-layout-flex\">\n<div class=\"wp-block-group has-global-padding is-layout-constrained wp-block-group-is-layout-constrained\">\n<h3 class=\"wp-block-heading has-text-align-center is-style-section\">Oferta formativa<\/h3>\n<\/div>\n\n\n\n<div class=\"wp-block-group alignwide is-layout-flow wp-block-group-is-layout-flow\" style=\"margin-top:var(--wp--preset--spacing--20)\">\t<div class=\"training-offer-block\">\n\t\t<div class=\"training-offer-block__collection\">\n\t\t\t\t\t\t\t\t\t\t\t<div class=\"training-offer-block__item\" style=\"--course-category-color: #C70002\">\n\t\t\t\t\t<a href=\"https:\/\/www.coledeteatredebarcelona.com\/es\/course-type\/cicles-formatius-es\/\" class=\"training-offer-block__link\">\n\t\t\t\t\t\t\t\t\t\t\t\t\t\t\t\t\t\t<div class=\"training-offer-block__text\">\n\t\t\t\t\t\t\t<h3 class=\"training-offer-block__title\">Ciclos formativos<\/h3>\n\t\t\t\t\t\t<\/div>\n\t\t\t\t\t<\/a>\n\t\t\t\t<\/div>\n\t\t\t\n\t\t\t\t\t\t\t\t\t\t\t<div class=\"training-offer-block__item\" style=\"--course-category-color: #FD0E71\">\n\t\t\t\t\t<a href=\"https:\/\/www.coledeteatredebarcelona.com\/es\/course-type\/fines-de-semana\/\" class=\"training-offer-block__link\">\n\t\t\t\t\t\t\t\t\t\t\t\t\t\t\t\t\t\t<div class=\"training-offer-block__text\">\n\t\t\t\t\t\t\t<h3 class=\"training-offer-block__title\">Fines de semana<\/h3>\n\t\t\t\t\t\t<\/div>\n\t\t\t\t\t<\/a>\n\t\t\t\t<\/div>\n\t\t\t\n\t\t\t\t\t\t\t\t\t\t\t<div class=\"training-offer-block__item\" style=\"--course-category-color: #9555F7\">\n\t\t\t\t\t<a href=\"https:\/\/www.coledeteatredebarcelona.com\/es\/course-type\/casales-de-verano\/\" class=\"training-offer-block__link\">\n\t\t\t\t\t\t\t\t\t\t\t\t\t\t\t\t\t\t<div class=\"training-offer-block__text\">\n\t\t\t\t\t\t\t<h3 class=\"training-offer-block__title\">Casales de verano<\/h3>\n\t\t\t\t\t\t<\/div>\n\t\t\t\t\t<\/a>\n\t\t\t\t<\/div>\n\t\t\t\n\t\t\t\t\t\t\t\t\t\t\t<div class=\"training-offer-block__item\" style=\"--course-category-color: #0A00B3\">\n\t\t\t\t\t<a href=\"https:\/\/www.coledeteatredebarcelona.com\/es\/course-type\/cursos-para-profesionales\/\" class=\"training-offer-block__link\">\n\t\t\t\t\t\t\t\t\t\t\t\t\t\t\t\t\t\t<div class=\"training-offer-block__text\">\n\t\t\t\t\t\t\t<h3 class=\"training-offer-block__title\">Cursos para profesionales<\/h3>\n\t\t\t\t\t\t<\/div>\n\t\t\t\t\t<\/a>\n\t\t\t\t<\/div>\n\t\t\t\n\t\t\t\t\t\t\t\t\t\t\t<div class=\"training-offer-block__item\" style=\"--course-category-color: #2E82EC\">\n\t\t\t\t\t<a href=\"https:\/\/www.coledeteatredebarcelona.com\/es\/course-type\/entrenamiento-actoral\/\" class=\"training-offer-block__link\">\n\t\t\t\t\t\t\t\t\t\t\t\t\t\t\t\t\t\t<div class=\"training-offer-block__text\">\n\t\t\t\t\t\t\t<h3 class=\"training-offer-block__title\">Entrenamiento actoral<\/h3>\n\t\t\t\t\t\t<\/div>\n\t\t\t\t\t<\/a>\n\t\t\t\t<\/div>\n\t\t\t\n\t\t\t\t\t\t\t\t\t\t\t<div class=\"training-offer-block__item\" style=\"--course-category-color: #00DADA\">\n\t\t\t\t\t<a href=\"https:\/\/www.coledeteatredebarcelona.com\/es\/course-type\/escuela-libre\/\" class=\"training-offer-block__link\">\n\t\t\t\t\t\t\t\t\t\t\t\t\t\t\t\t\t\t<div class=\"training-offer-block__text\">\n\t\t\t\t\t\t\t<h3 class=\"training-offer-block__title\">Escuela libre<\/h3>\n\t\t\t\t\t\t<\/div>\n\t\t\t\t\t<\/a>\n\t\t\t\t<\/div>\n\t\t\t\n\t\t\t\t\t\t\t\t\t\t\t<div class=\"training-offer-block__item\" style=\"--course-category-color: #5BCF00\">\n\t\t\t\t\t<a href=\"https:\/\/www.coledeteatredebarcelona.com\/es\/course-type\/jovenes\/\" class=\"training-offer-block__link\">\n\t\t\t\t\t\t\t\t\t\t\t\t\t\t\t\t\t\t<div class=\"training-offer-block__text\">\n\t\t\t\t\t\t\t<h3 class=\"training-offer-block__title\">J\u00f3venes<\/h3>\n\t\t\t\t\t\t<\/div>\n\t\t\t\t\t<\/a>\n\t\t\t\t<\/div>\n\t\t\t\n\t\t\t\t\t\t\t\t\t\t\t<div class=\"training-offer-block__item\" style=\"--course-category-color: #E0CB03\">\n\t\t\t\t\t<a href=\"https:\/\/www.coledeteatredebarcelona.com\/es\/course-type\/metodologia-lecoq-es\/\" class=\"training-offer-block__link\">\n\t\t\t\t\t\t\t\t\t\t\t\t\t\t\t\t\t\t<div class=\"training-offer-block__text\">\n\t\t\t\t\t\t\t<h3 class=\"training-offer-block__title\">Metodolog\u00eda lecoq<\/h3>\n\t\t\t\t\t\t<\/div>\n\t\t\t\t\t<\/a>\n\t\t\t\t<\/div>\n\t\t\t\n\t\t\t\t\t\t\t\t\t\t\t<div class=\"training-offer-block__item\" style=\"--course-category-color: #F39217\">\n\t\t\t\t\t<a href=\"https:\/\/www.coledeteatredebarcelona.com\/es\/course-type\/puertas-abiertas\/\" class=\"training-offer-block__link\">\n\t\t\t\t\t\t\t\t\t\t\t\t\t\t\t\t\t\t<div class=\"training-offer-block__text\">\n\t\t\t\t\t\t\t<h3 class=\"training-offer-block__title\">Puertas abiertas<\/h3>\n\t\t\t\t\t\t<\/div>\n\t\t\t\t\t<\/a>\n\t\t\t\t<\/div>\n\t\t\t\n\t\t\t\t\t\t\t\t\t\t\t<div class=\"training-offer-block__item\" style=\"--course-category-color: #FF0909\">\n\t\t\t\t\t<a href=\"https:\/\/www.coledeteatredebarcelona.com\/es\/course-type\/preparacion-pruebas-de-acceso-intituto-del-teatro\/\" class=\"training-offer-block__link\">\n\t\t\t\t\t\t\t\t\t\t\t\t\t\t\t\t\t\t<div class=\"training-offer-block__text\">\n\t\t\t\t\t\t\t<h3 class=\"training-offer-block__title\">Preparaci\u00f3n pruebas de acceso Intituto del Teatro<\/h3>\n\t\t\t\t\t\t<\/div>\n\t\t\t\t\t<\/a>\n\t\t\t\t<\/div>\n\t\t\t\n\t\t\t\t\t<\/div>\n\t<\/div>\n\n\n\n<div class=\"wp-block-buttons is-content-justification-center is-layout-flex wp-container-core-buttons-is-layout-f27c6935 wp-block-buttons-is-layout-flex\" style=\"padding-top:var(--wp--preset--spacing--40)\">\n<div class=\"wp-block-button\"><a class=\"wp-block-button__link wp-element-button\" href=\"https:\/\/www.coledeteatredebarcelona.com\/oferta-formativa\/\">Veure oferta formativa<\/a><\/div>\n<\/div>\n<\/div>\n<\/div>\n\n\n\n<p><\/p>\n","protected":false},"excerpt":{"rendered":"<p>El Col\u00b7legi de Teatre de Barcelona se define pedag\u00f3gicamente como una propuesta abierta en el campo de la formaci\u00f3n de actores para teatro, cine y televisi\u00f3n, ya que es una escuela plural pensada para impartir los diferentes m\u00e9todos teatrales y con la voluntad de incorporar nuevas tendencias. El plan de formaci\u00f3n consta de cuatro grandes [&hellip;]<\/p>\n","protected":false},"author":1,"featured_media":0,"parent":510,"menu_order":5,"comment_status":"closed","ping_status":"closed","template":"","meta":{"_seopress_robots_primary_cat":"","_seopress_titles_title":"","_seopress_titles_desc":"","_seopress_robots_index":"","inline_featured_image":false,"workshop_title":"","post_summary":"","footnotes":""},"class_list":["post-512","page","type-page","status-publish","hentry"],"_links":{"self":[{"href":"https:\/\/www.coledeteatredebarcelona.com\/es\/wp-json\/wp\/v2\/pages\/512","targetHints":{"allow":["GET"]}}],"collection":[{"href":"https:\/\/www.coledeteatredebarcelona.com\/es\/wp-json\/wp\/v2\/pages"}],"about":[{"href":"https:\/\/www.coledeteatredebarcelona.com\/es\/wp-json\/wp\/v2\/types\/page"}],"author":[{"embeddable":true,"href":"https:\/\/www.coledeteatredebarcelona.com\/es\/wp-json\/wp\/v2\/users\/1"}],"replies":[{"embeddable":true,"href":"https:\/\/www.coledeteatredebarcelona.com\/es\/wp-json\/wp\/v2\/comments?post=512"}],"version-history":[{"count":0,"href":"https:\/\/www.coledeteatredebarcelona.com\/es\/wp-json\/wp\/v2\/pages\/512\/revisions"}],"up":[{"embeddable":true,"href":"https:\/\/www.coledeteatredebarcelona.com\/es\/wp-json\/wp\/v2\/pages\/510"}],"wp:attachment":[{"href":"https:\/\/www.coledeteatredebarcelona.com\/es\/wp-json\/wp\/v2\/media?parent=512"}],"curies":[{"name":"wp","href":"https:\/\/api.w.org\/{rel}","templated":true}]}}