{"id":547,"date":"2025-02-24T08:13:42","date_gmt":"2025-02-24T08:13:42","guid":{"rendered":"https:\/\/www.coledeteatredebarcelona.com\/prova-dacces-al-cfgs\/"},"modified":"2026-03-04T18:49:28","modified_gmt":"2026-03-04T18:49:28","slug":"prova-dacces-al-cfgs","status":"publish","type":"page","link":"https:\/\/www.coledeteatredebarcelona.com\/es\/prova-dacces-al-cfgs\/","title":{"rendered":"Prueba de acceso al CFGS"},"content":{"rendered":"\n<header class=\"wp-block-cover alignfull has-custom-content-position is-position-bottom-center page-header\" style=\"min-height:30vh;aspect-ratio:unset;\"><img loading=\"lazy\" decoding=\"async\" width=\"1024\" height=\"683\" class=\"wp-block-cover__image-background wp-image-601 size-large\" alt=\"\" src=\"https:\/\/www.coledeteatredebarcelona.com\/wp-content\/uploads\/2025\/07\/capcalera-proves-d-acces-1024x683.jpg\" style=\"object-position:51% 36%\" data-object-fit=\"cover\" data-object-position=\"51% 36%\" srcset=\"https:\/\/www.coledeteatredebarcelona.com\/wp-content\/uploads\/2025\/07\/capcalera-proves-d-acces-1024x683.jpg 1024w, https:\/\/www.coledeteatredebarcelona.com\/wp-content\/uploads\/2025\/07\/capcalera-proves-d-acces-600x400.jpg 600w, https:\/\/www.coledeteatredebarcelona.com\/wp-content\/uploads\/2025\/07\/capcalera-proves-d-acces-768x512.jpg 768w, https:\/\/www.coledeteatredebarcelona.com\/wp-content\/uploads\/2025\/07\/capcalera-proves-d-acces-50x33.jpg 50w, https:\/\/www.coledeteatredebarcelona.com\/wp-content\/uploads\/2025\/07\/capcalera-proves-d-acces-1600x1066.jpg 1600w, https:\/\/www.coledeteatredebarcelona.com\/wp-content\/uploads\/2025\/07\/capcalera-proves-d-acces-1536x1024.jpg 1536w, https:\/\/www.coledeteatredebarcelona.com\/wp-content\/uploads\/2025\/07\/capcalera-proves-d-acces-2048x1365.jpg 2048w\" sizes=\"auto, (max-width: 1024px) 100vw, 1024px\" \/><span aria-hidden=\"true\" class=\"wp-block-cover__background has-background-dim-0 has-background-dim\" style=\"background-color:#212536\"><\/span><div class=\"wp-block-cover__inner-container has-global-padding is-layout-constrained wp-block-cover-is-layout-constrained\">\n<div class=\"wp-block-group alignwide is-layout-flow wp-block-group-is-layout-flow\" style=\"padding-top:var(--wp--preset--spacing--20);padding-bottom:var(--wp--preset--spacing--20)\"><h1 style=\"line-height:1.3;\" class=\"wp-block-post-title\">Prueba de acceso al CFGS<\/h1><\/div>\n<\/div><\/header>\n\n\n\n<div class=\"wp-block-group alignwide has-global-padding is-layout-constrained wp-block-group-is-layout-constrained\"><nav class=\"breadcrumb\" itemprop=\"breadcrumb\">\n\t<ul>\n\t\t<li class=\"breadcrumb__home\">\n\t\t\t<a href=\"\">\n\t\t\t\t<i class=\"icon-home\">\n\t\t\t\t\t<svg width=\"16\" height=\"18\" viewBox=\"0 0 16 18\" fill=\"none\" xmlns=\"http:\/\/www.w3.org\/2000\/svg\">\n\t\t\t\t\t\t<path d=\"M0 18V6L8 0L16 6V18H10V11H6V18H0Z\" fill=\"currentColor\"\/>\n\t\t\t\t\t<\/svg>\n\t\t\t\t<\/i>\n\t\t\t\t<span class=\"home-text\">Inicio<\/span>\n\t\t\t<\/a>\n\t\t<\/li>\n\t\t\n\t\t\t\t\n\t\t\t\t\n\t<\/ul>\n<\/nav>\n<\/div>\n\n\n\n<div class=\"wp-block-columns alignwide is-layout-flex wp-container-core-columns-is-layout-28f84493 wp-block-columns-is-layout-flex\">\n<div class=\"wp-block-column is-layout-flow wp-block-column-is-layout-flow\" style=\"flex-basis:60%\">\n<div class=\"wp-block-group has-global-padding is-content-justification-left is-layout-constrained wp-container-core-group-is-layout-1f128930 wp-block-group-is-layout-constrained\" style=\"padding-top:var(--wp--preset--spacing--50);padding-bottom:var(--wp--preset--spacing--50)\">\n<p>Para acceder a la prueba de acceso que se realiza en junio y septiembre, es necesario rellenar la <strong>hoja de \u201cSolicitud de inscripci\u00f3n\u201d<\/strong> y enviarla a <a href=\"mailto:secre@coleteatre.com\">secre@coleteatre.com<\/a>.<\/p>\n\n\n\n<p>Una vez recibida, te enviaremos un correo electr\u00f3nico con los datos necesarios para formalizar la inscripci\u00f3n.<\/p>\n\n\n<div class=\"downloads-block wp-block-buttons\">\n\t\t\t<div class=\"wp-block-buttons\">\n\t\t\t\t\t\t\t<a\n\t\t\t\t\t\tclass=\"wp-block-button__link wp-element-button downloads-block__button\"\n\t\t\t\t\t\thref=\"https:\/\/www.coledeteatredebarcelona.com\/wp-content\/uploads\/2025\/02\/Sol\u00b7licitud-dinscripcio-a-les-proves-dacces-al-CFGS-del-CTB.pdf\"\n\t\t\t\t\t\ttarget=\"_blank\">\n\t\t\t\t\t<svg width=\"16\" height=\"16\" viewBox=\"0 0 16 16\" fill=\"none\" xmlns=\"http:\/\/www.w3.org\/2000\/svg\">\n\t\t\t\t\t\t<path d=\"M8 12L3 7L4.4 5.55L7 8.15V0H9V8.15L11.6 5.55L13 7L8 12ZM2 16C1.45 16 0.979333 15.8043 0.588 15.413C0.196666 15.0217 0.000666667 14.5507 0 14V11H2V14H14V11H16V14C16 14.55 15.8043 15.021 15.413 15.413C15.0217 15.805 14.5507 16.0007 14 16H2Z\" fill=\"currentColor\"\/>\n\t\t\t\t\t<\/svg>\n\t\t\t\t\t<span>Solicitud de inscripci\u00f3n<\/span>\n\t\t\t\t<\/a>\n\t\t\t\t\t<\/div>\n\t<\/div>\n\n\n<hr class=\"wp-block-separator has-text-color has-text-color-color has-alpha-channel-opacity has-text-color-background-color has-background\" style=\"margin-top:var(--wp--preset--spacing--50);margin-bottom:var(--wp--preset--spacing--50)\"\/>\n\n\n\n<h2 class=\"wp-block-heading\" style=\"margin-top:var(--wp--preset--spacing--50);margin-bottom:var(--wp--preset--spacing--30)\">Informaci\u00f3n sobre la prueba de acceso al CFGS en T\u00e9cnicas de Interpretaci\u00f3n Teatral<\/h2>\n\n\n\n<details class=\"wp-block-details is-layout-flow wp-block-details-is-layout-flow\"><summary>Fecha y horario de las pruebas<\/summary>\n<p>La prueba de acceso al CFGS en T\u00e9cnicas de Interpretaci\u00f3n Teatral se realizar\u00e1 el <strong>junio de 2026<\/strong>, en un horario que se determinar\u00e1 una vez finalizado el per\u00edodo de inscripci\u00f3n y que se comunicar\u00e1 oportunamente a los aspirantes.<\/p>\n<\/details>\n\n\n\n<details class=\"wp-block-details is-layout-flow wp-block-details-is-layout-flow\"><summary>Inscripci\u00f3n a la prueba<\/summary>\n<p>La inscripci\u00f3n se podr\u00e1 realizar en la <strong>secretar\u00eda del Colegio de Teatro<\/strong> o por <strong>correo electr\u00f3nico<\/strong>.<\/p>\n\n\n\n<p>Para formalizar la inscripci\u00f3n, es necesario presentar la siguiente documentaci\u00f3n:<\/p>\n\n\n<div class=\"wp-block-list\">\n<ul class=\"wp-block-list\">\n<li>DNI y fotocopia del DNI<\/li>\n\n\n\n<li>Foto tama\u00f1o carnet<\/li>\n\n\n\n<li>T\u00edtulo de Bachillerato o equivalente, o haber superado la prueba de acceso a los ciclos formativos de grado superior de artes pl\u00e1sticas y dise\u00f1o. <a href=\"https:\/\/triaeducativa.gencat.cat\/ca\/proves\/proves-acces\/apd\/apd-gs\/\">https:\/\/triaeducativa.gencat.cat\/ca\/proves\/proves-acces\/apd\/apd-gs\/<\/a><\/li>\n\n\n\n<li>Pago de la <strong>tasa de inscripci\u00f3n (70 \u20ac)<\/strong><\/li>\n\n\n\n<li>Solicitud de inscripci\u00f3n (modelo de inscripci\u00f3n)<\/li>\n<\/ul>\n<\/div>\n\n\n<p><strong>Para m\u00e1s informaci\u00f3n<\/strong>, no dudes en contactarnos por tel\u00e9fono al <a href=\"tel:934239737\">93 423 97 37<\/a> o por correo electr\u00f3nico a <a href=\"mailto:secre@coleteatre.com\">secre@coleteatre.com<\/a>.<\/p>\n<\/details>\n\n\n\n<details class=\"wp-block-details is-layout-flow wp-block-details-is-layout-flow\"><summary>N\u00famero de plazas ofertadas<\/summary>\n<p>34 plazas<\/p>\n<\/details>\n\n\n\n<details class=\"wp-block-details is-layout-flow wp-block-details-is-layout-flow\"><summary>Comisi\u00f3n evaluadora<\/summary>\n<p>La comisi\u00f3n evaluadora est\u00e1 compuesta por las siguientes personas:<\/p>\n\n\n\n<p><strong>Presidenta:<\/strong> Gemma Figueras Meseguer<\/p>\n\n\n\n<p><strong>Secretario:<\/strong> Llu\u00eds Prat Ponsa<\/p>\n\n\n\n<p><strong>Vocales:<\/strong> Andrea Eraso, Pere Farran Morenilla y M\u00f2nica Glaenzel<\/p>\n<\/details>\n\n\n\n<details class=\"wp-block-details is-layout-flow wp-block-details-is-layout-flow\"><summary>Contenido de la prueba<\/summary>\n<p><strong>PRIMERA PARTE \u2013 Prueba conjunta<\/strong><br>A. Prueba de Movimiento<\/p>\n\n\n\n<p><strong>SEGUNDA PARTE \u2013 Prueba individual<\/strong><br>B. Prueba de Voz y Canto<br>C. Prueba de Interpretaci\u00f3n<\/p>\n<\/details>\n\n\n\n<details class=\"wp-block-details is-layout-flow wp-block-details-is-layout-flow\"><summary>Criterios de evaluaci\u00f3n y calificaci\u00f3n<\/summary>\n<figure class=\"wp-block-table\"><table class=\"has-fixed-layout\"><thead><tr><th><strong>Criterios de evaluaci\u00f3n<\/strong><\/th><th><strong>Ponderaci\u00f3<\/strong>n<\/th><\/tr><\/thead><tbody><tr><td>Aptitudes interpretativas y adaptaci\u00f3n al grupo<\/td><td>40%<\/td><\/tr><tr><td>Aptitudes vocales<\/td><td>30%<\/td><\/tr><tr><td>Aptitudes f\u00edsicas<\/td><td>30%<\/td><\/tr><\/tbody><\/table><\/figure>\n<\/details>\n\n\n\n<details class=\"wp-block-details is-layout-flow wp-block-details-is-layout-flow\"><summary>Admisi\u00f3n al CFGS<\/summary>\n<p>La admisi\u00f3n se realizar\u00e1 en orden decreciente seg\u00fan las puntuaciones obtenidas en la prueba de acceso hasta cubrir el total de plazas disponibles.<br>En caso de empate, las plazas se adjudicar\u00e1n mediante sorteo.<\/p>\n<\/details>\n\n\n\n<details class=\"wp-block-details is-layout-flow wp-block-details-is-layout-flow\"><summary>Convocatoria<\/summary>\n<p><strong>Convocatoria junio 2026<\/strong><\/p>\n\n\n<div class=\"wp-block-list\">\n<ul class=\"wp-block-list\">\n<li><strong>INSCRIPCIONES ABIERTAS<\/strong> a partir del 24 de abril de 2026<\/li>\n\n\n\n<li><strong>Junio 2026:<\/strong> Prueba de acceso<\/li>\n<\/ul>\n<\/div>\n\n\n<p><strong>Matriculaci\u00f3n.<\/strong> Una vez superada la prueba de acceso, el estudiante podr\u00e1 matricularse en el centro.<\/p>\n<\/details>\n\n\n<div class=\"downloads-block wp-block-buttons\">\n\t\t\t<div class=\"wp-block-buttons\">\n\t\t\t\t\t\t\t<a\n\t\t\t\t\t\tclass=\"wp-block-button__link wp-element-button downloads-block__button\"\n\t\t\t\t\t\thref=\"https:\/\/www.coledeteatredebarcelona.com\/wp-content\/uploads\/2025\/07\/PROVES-DACCES-AL-CFGS-CTB-3.pdf\"\n\t\t\t\t\t\ttarget=\"_blank\">\n\t\t\t\t\t<svg width=\"16\" height=\"16\" viewBox=\"0 0 16 16\" fill=\"none\" xmlns=\"http:\/\/www.w3.org\/2000\/svg\">\n\t\t\t\t\t\t<path d=\"M8 12L3 7L4.4 5.55L7 8.15V0H9V8.15L11.6 5.55L13 7L8 12ZM2 16C1.45 16 0.979333 15.8043 0.588 15.413C0.196666 15.0217 0.000666667 14.5507 0 14V11H2V14H14V11H16V14C16 14.55 15.8043 15.021 15.413 15.413C15.0217 15.805 14.5507 16.0007 14 16H2Z\" fill=\"currentColor\"\/>\n\t\t\t\t\t<\/svg>\n\t\t\t\t\t<span>Descarga el dosier informativo<\/span>\n\t\t\t\t<\/a>\n\t\t\t\t\t<\/div>\n\t<\/div><\/div>\n<\/div>\n\n\n\n<div class=\"wp-block-column is-layout-flow wp-block-column-is-layout-flow\" style=\"flex-basis:40%\">\n<div class=\"wp-block-contact-form-7-contact-form-selector\">\n<div class=\"wpcf7 no-js\" id=\"wpcf7-f686-o1\" lang=\"es-ES\" dir=\"ltr\" data-wpcf7-id=\"686\">\n<div class=\"screen-reader-response\"><p role=\"status\" aria-live=\"polite\" aria-atomic=\"true\"><\/p> <ul><\/ul><\/div>\n<form action=\"\/es\/wp-json\/wp\/v2\/pages\/547#wpcf7-f686-o1\" method=\"post\" class=\"wpcf7-form init\" aria-label=\"Formulario de contacto\" novalidate=\"novalidate\" data-status=\"init\">\n<fieldset class=\"hidden-fields-container\"><input type=\"hidden\" name=\"_wpcf7\" value=\"686\" \/><input type=\"hidden\" name=\"_wpcf7_version\" value=\"6.1\" \/><input type=\"hidden\" name=\"_wpcf7_locale\" value=\"es_ES\" \/><input type=\"hidden\" name=\"_wpcf7_unit_tag\" value=\"wpcf7-f686-o1\" \/><input type=\"hidden\" name=\"_wpcf7_container_post\" value=\"0\" \/><input type=\"hidden\" name=\"_wpcf7_posted_data_hash\" value=\"\" \/><input type=\"hidden\" name=\"_wpcf7dtx_version\" value=\"5.0.3\" \/><input type=\"hidden\" name=\"_wpcf7_recaptcha_response\" value=\"\" \/>\n<\/fieldset>\n<h3 class=\"form-title\">\n\tFormulari de inscripci\u00f3n a:<br>\n\tPrueba de acceso al CFGS\n<\/h3>\n<div class=\"form-field form-fiel-label\">\n\t<label for=\"name-surname\">Nombre y apellidos<span class=\"required\">*<\/span><\/label>\n\t<span class=\"wpcf7-form-control-wrap\" data-name=\"name-surname\"><input size=\"40\" maxlength=\"400\" class=\"wpcf7-form-control wpcf7-text wpcf7-validates-as-required\" id=\"name-surname\" aria-required=\"true\" aria-invalid=\"false\" value=\"\" type=\"text\" name=\"name-surname\" \/><\/span>\n<\/div>\n<div class=\"form-field form-fiel-label\">\n\t<label for=\"email\">Email <span class=\"required\">*<\/span><\/label>\n\t<span class=\"wpcf7-form-control-wrap\" data-name=\"email\"><input size=\"40\" maxlength=\"400\" class=\"wpcf7-form-control wpcf7-email wpcf7-validates-as-required wpcf7-text wpcf7-validates-as-email\" id=\"email\" aria-required=\"true\" aria-invalid=\"false\" value=\"\" type=\"email\" name=\"email\" \/><\/span>\n<\/div>\n<div class=\"form-field form-fiel-label\">\n\t<label for=\"birthday\">Fecha de nacimiento <span class=\"required\">*<\/span><\/label>\n\t<span class=\"wpcf7-form-control-wrap\" data-name=\"birthday\"><input class=\"wpcf7-form-control wpcf7-date wpcf7-validates-as-required wpcf7-validates-as-date\" id=\"birthday\" aria-required=\"true\" aria-invalid=\"false\" value=\"\" type=\"date\" name=\"birthday\" \/><\/span>\n<\/div>\n<div class=\"form-field form-fiel-label\">\n\t<label for=\"telephone\">Tel\u00e9fono de contacto <span class=\"required\">*<\/span><\/label>\n\t<span class=\"wpcf7-form-control-wrap\" data-name=\"telephone\"><input size=\"40\" maxlength=\"400\" class=\"wpcf7-form-control wpcf7-tel wpcf7-validates-as-required wpcf7-text wpcf7-validates-as-tel\" id=\"telephone\" aria-required=\"true\" aria-invalid=\"false\" value=\"\" type=\"tel\" name=\"telephone\" \/><\/span>\n<\/div>\n<div class=\"form-field form-fiel-label\">\n\t<label for=\"message\">Mensaje<\/label>\n\t<span class=\"wpcf7-form-control-wrap\" data-name=\"message\"><textarea cols=\"40\" rows=\"10\" maxlength=\"2000\" class=\"wpcf7-form-control wpcf7-textarea wpcf7-validates-as-required\" id=\"message\" aria-required=\"true\" aria-invalid=\"false\" placeholder=\"Escribe tu mensaje\" name=\"message\"><\/textarea><\/span>\n<\/div>\n<div class=\"form-field form-fiel-label\">\n\t<label for=\"privacy-policy\">Pol\u00edtica de privacidad y protecci\u00f3n de datos<\/label>\n\t<span class=\"wpcf7-form-control-wrap\" data-name=\"privacy-policy\"><span class=\"wpcf7-form-control wpcf7-acceptance\"><span class=\"wpcf7-list-item\"><label><input type=\"checkbox\" name=\"privacy-policy\" value=\"1\" id=\"privacy-policy\" aria-invalid=\"false\" \/><span class=\"wpcf7-list-item-label\">He llegit i accepto el <a href=\"https:\/\/www.coledeteatredebarcelona.com\/avis-legal\/\">aviso legal<\/a> i la <a href=\"https:\/\/www.coledeteatredebarcelona.com\/politica-de-privacitat\/\">pol\u00edtica de privacidad<\/a><\/span><\/label><\/span><\/span><\/span>\n<\/div>\n\n<span class=\"wpcf7-form-control-wrap post_url\" data-name=\"post_url\"><input type=\"hidden\" name=\"post_url\" class=\"wpcf7-form-control wpcf7-hidden wpcf7dtx wpcf7dtx-hidden\" aria-invalid=\"false\" value=\"https:\/\/www.coledeteatredebarcelona.com\/es\/wp-json\/wp\/v2\/pages\/547\"><\/span>\n<span class=\"wpcf7-form-control-wrap post_title\" data-name=\"post_title\"><input type=\"hidden\" name=\"post_title\" class=\"wpcf7-form-control wpcf7-hidden wpcf7dtx wpcf7dtx-hidden\" aria-invalid=\"false\" value=\"Prueba de acceso al CFGS\"><\/span>\n\n[honeypot subject]\n<div class=\"form-field form-fiel-label\">\n\t<input class=\"wpcf7-form-control wpcf7-submit has-spinner\" type=\"submit\" value=\"Enviar\" \/>\n<\/div>\n\n<div class=\"form-field form-instructions\">\n\t\u00c9s obligatori omplir els camps marcats amb un asterisc <span class=\"required\">*<\/span>\n<\/div><div class=\"wpcf7-response-output\" aria-hidden=\"true\"><\/div>\n<\/form>\n<\/div>\n<\/div>\n<\/div>\n<\/div>\n","protected":false},"excerpt":{"rendered":"<p>Para acceder a la prueba de acceso que se realiza en junio y septiembre, es necesario rellenar la hoja de \u201cSolicitud de inscripci\u00f3n\u201d y enviarla a secre@coleteatre.com. Una vez recibida, te enviaremos un correo electr\u00f3nico con los datos necesarios para formalizar la inscripci\u00f3n. Informaci\u00f3n sobre la prueba de acceso al CFGS en T\u00e9cnicas de Interpretaci\u00f3n [&hellip;]<\/p>\n","protected":false},"author":1,"featured_media":0,"parent":0,"menu_order":11,"comment_status":"closed","ping_status":"closed","template":"","meta":{"_seopress_robots_primary_cat":"","_seopress_titles_title":"","_seopress_titles_desc":"","_seopress_robots_index":"","inline_featured_image":false,"workshop_title":"","post_summary":"","footnotes":""},"class_list":["post-547","page","type-page","status-publish","hentry"],"_links":{"self":[{"href":"https:\/\/www.coledeteatredebarcelona.com\/es\/wp-json\/wp\/v2\/pages\/547","targetHints":{"allow":["GET"]}}],"collection":[{"href":"https:\/\/www.coledeteatredebarcelona.com\/es\/wp-json\/wp\/v2\/pages"}],"about":[{"href":"https:\/\/www.coledeteatredebarcelona.com\/es\/wp-json\/wp\/v2\/types\/page"}],"author":[{"embeddable":true,"href":"https:\/\/www.coledeteatredebarcelona.com\/es\/wp-json\/wp\/v2\/users\/1"}],"replies":[{"embeddable":true,"href":"https:\/\/www.coledeteatredebarcelona.com\/es\/wp-json\/wp\/v2\/comments?post=547"}],"version-history":[{"count":0,"href":"https:\/\/www.coledeteatredebarcelona.com\/es\/wp-json\/wp\/v2\/pages\/547\/revisions"}],"wp:attachment":[{"href":"https:\/\/www.coledeteatredebarcelona.com\/es\/wp-json\/wp\/v2\/media?parent=547"}],"curies":[{"name":"wp","href":"https:\/\/api.w.org\/{rel}","templated":true}]}}