{"id":634,"date":"2025-02-21T10:40:59","date_gmt":"2025-02-21T10:40:59","guid":{"rendered":"https:\/\/www.coledeteatredebarcelona.com\/contacte\/"},"modified":"2025-07-28T16:38:19","modified_gmt":"2025-07-28T16:38:19","slug":"contacte","status":"publish","type":"page","link":"https:\/\/www.coledeteatredebarcelona.com\/es\/contacte\/","title":{"rendered":"Contacto"},"content":{"rendered":"\n<div class=\"wp-block-group alignfull is-layout-flow wp-block-group-is-layout-flow\">\t\t<div\n            id=\"wpmapblock_2208b23d\"\n            data-settings='{&quot;map_marker&quot;:[{&quot;id&quot;:&quot;0&quot;,&quot;lat&quot;:&quot;41.368508&quot;,&quot;lng&quot;:&quot;2.1477527&quot;,&quot;title&quot;:&quot;Col\\u00b7legi de Teatre de Barcelona&quot;,&quot;content&quot;:&quot;Av. de Francesc Ferrer i Gu\\u00e0rdia, 13 Sants-Montju\\u00efc, 08038 Barcelona&quot;,&quot;iconType&quot;:&quot;custom&quot;,&quot;customIconUrl&quot;:&quot;https:\\\/\\\/www.coledeteatredebarcelona.com\\\/wp-content\\\/uploads\\\/2025\\\/02\\\/icon_location-1.svg&quot;,&quot;customIconWidth&quot;:&quot;25&quot;,&quot;customIconHeight&quot;:&quot;40&quot;}],&quot;map_zoom&quot;:&quot;16&quot;,&quot;scroll_wheel_zoom&quot;:false,&quot;map_type&quot;:&quot;GM&quot;,&quot;center_index&quot;:0}'\n            class=\"wpmapblockrender\"\n            style=\"\n\t\t\twidth: 100%;\n\t\t\theight: 370px;\n\t\t\"\n            >\n        <\/div>\n        <\/div>\n\n\n\n<div class=\"wp-block-group alignwide is-layout-flow wp-block-group-is-layout-flow\"><nav class=\"breadcrumb\" itemprop=\"breadcrumb\">\n\t<ul>\n\t\t<li class=\"breadcrumb__home\">\n\t\t\t<a href=\"\">\n\t\t\t\t<i class=\"icon-home\">\n\t\t\t\t\t<svg width=\"16\" height=\"18\" viewBox=\"0 0 16 18\" fill=\"none\" xmlns=\"http:\/\/www.w3.org\/2000\/svg\">\n\t\t\t\t\t\t<path d=\"M0 18V6L8 0L16 6V18H10V11H6V18H0Z\" fill=\"currentColor\"\/>\n\t\t\t\t\t<\/svg>\n\t\t\t\t<\/i>\n\t\t\t\t<span class=\"home-text\">Inicio<\/span>\n\t\t\t<\/a>\n\t\t<\/li>\n\t\t\n\t\t\t\t\n\t\t\t\t\n\t<\/ul>\n<\/nav>\n<\/div>\n\n\n\n<div class=\"wp-block-columns alignwide is-layout-flex wp-container-core-columns-is-layout-aca490c8 wp-block-columns-is-layout-flex\" style=\"margin-top:var(--wp--preset--spacing--50);margin-bottom:var(--wp--preset--spacing--50)\">\n<div class=\"wp-block-column is-layout-flow wp-block-column-is-layout-flow\" style=\"flex-basis:40%\"><h1 class=\"wp-block-post-title\">Contacto<\/h1>\n\n\n<h3 class=\"wp-block-heading\">Direcci\u00f3n<\/h3>\n\n\n\n<p>Recinto Poble Espanyol\u2028<br>C. Francesc Ferrer i Gu\u00e0rdia, 13<br>Buz\u00f3n 89 08038 Barcelona<\/p>\n\n\n\n<h3 class=\"wp-block-heading\">Tel\u00e9fonos de contacto<\/h3>\n\n\n\n<p><a href=\"tel:651854489\">651 85 44 89<\/a><br><a href=\"tel:834239737\">934 239 737<\/a><\/p>\n\n\n\n<h3 class=\"wp-block-heading\">Email de contacto<\/h3>\n\n\n\n<p><a href=\"mailto:secre@coleteatre.com\">secre@coleteatre.com<\/a><\/p>\n\n\n\n<h3 class=\"wp-block-heading\">Horario secretaria<\/h3>\n\n\n\n<p><strong>De setiembre a junio:<\/strong><\/p>\n\n\n\n<p>Lunes a jueves de 10 a 14h i de 16 a 19.30h<br>Viernes de 10 a 15h.<\/p>\n\n\n\n<p><strong>Julio:<\/strong><\/p>\n\n\n\n<p>Lunes a viernes de 10 a 14h<br>Cita concertada per m\u00f3vil o whatsapp al<br><a href=\"tel:651854489\">651 85 44 89<\/a><\/p>\n\n\n\n<p><strong>Agosto, cerrado por vacaciones<\/strong><\/p>\n<\/div>\n\n\n\n<div class=\"wp-block-column is-layout-flow wp-block-column-is-layout-flow\" style=\"flex-basis:60%\">\n<div class=\"wp-block-contact-form-7-contact-form-selector\">\n<div class=\"wpcf7 no-js\" id=\"wpcf7-f635-o1\" lang=\"es-ES\" dir=\"ltr\" data-wpcf7-id=\"635\">\n<div class=\"screen-reader-response\"><p role=\"status\" aria-live=\"polite\" aria-atomic=\"true\"><\/p> <ul><\/ul><\/div>\n<form action=\"\/es\/wp-json\/wp\/v2\/pages\/634#wpcf7-f635-o1\" method=\"post\" class=\"wpcf7-form init\" aria-label=\"Formulario de contacto\" novalidate=\"novalidate\" data-status=\"init\">\n<fieldset class=\"hidden-fields-container\"><input type=\"hidden\" name=\"_wpcf7\" value=\"635\" \/><input type=\"hidden\" name=\"_wpcf7_version\" value=\"6.1\" \/><input type=\"hidden\" name=\"_wpcf7_locale\" value=\"es_ES\" \/><input type=\"hidden\" name=\"_wpcf7_unit_tag\" value=\"wpcf7-f635-o1\" \/><input type=\"hidden\" name=\"_wpcf7_container_post\" value=\"0\" \/><input type=\"hidden\" name=\"_wpcf7_posted_data_hash\" value=\"\" \/><input type=\"hidden\" name=\"_wpcf7dtx_version\" value=\"5.0.3\" \/><input type=\"hidden\" name=\"_wpcf7_recaptcha_response\" value=\"\" \/>\n<\/fieldset>\n<h3 class=\"form-title\">\n\tFormulario de contacto\n<\/h3>\n<div class=\"form-field\">\n\t<label for=\"name-surname\" class=\"hide\">Nombre y apellidos<span class=\"required\">*<\/span><\/label>\n\t<span class=\"wpcf7-form-control-wrap\" data-name=\"name-surname\"><input size=\"40\" maxlength=\"400\" class=\"wpcf7-form-control wpcf7-text wpcf7-validates-as-required\" id=\"name-surname\" aria-required=\"true\" aria-invalid=\"false\" placeholder=\"Nombre y apellidos\" value=\"\" type=\"text\" name=\"name-surname\" \/><\/span>\n<\/div>\n<div class=\"form-field\">\n\t<label for=\"email\" id=\"email\" class=\"hide\">Email <span class=\"required\">*<\/span><\/label>\n\t<span class=\"wpcf7-form-control-wrap\" data-name=\"email\"><input size=\"40\" maxlength=\"400\" class=\"wpcf7-form-control wpcf7-email wpcf7-validates-as-required wpcf7-text wpcf7-validates-as-email\" id=\"email\" aria-required=\"true\" aria-invalid=\"false\" placeholder=\"Email\" value=\"\" type=\"email\" name=\"email\" \/><\/span>\n<\/div>\n<div class=\"form-field\">\n\t<label for=\"telephone\" id=\"telephone\" class=\"hide\">Tel\u00e9fono de contacto <span class=\"required\">*<\/span><\/label>\n\t<span class=\"wpcf7-form-control-wrap\" data-name=\"telephone\"><input size=\"40\" maxlength=\"400\" class=\"wpcf7-form-control wpcf7-tel wpcf7-validates-as-required wpcf7-text wpcf7-validates-as-tel\" id=\"telephone\" aria-required=\"true\" aria-invalid=\"false\" placeholder=\"Tel\u00e9fono de contacto\" value=\"\" type=\"tel\" name=\"telephone\" \/><\/span>\n<\/div>\n<div class=\"form-field\">\n\t<label for=\"message\" id=\"message\" class=\"hide\">Mensaje<\/label>\n\t<span class=\"wpcf7-form-control-wrap\" data-name=\"message\"><textarea cols=\"40\" rows=\"10\" maxlength=\"2000\" class=\"wpcf7-form-control wpcf7-textarea wpcf7-validates-as-required\" id=\"message\" aria-required=\"true\" aria-invalid=\"false\" placeholder=\"Mensaje\" name=\"message\"><\/textarea><\/span>\n<\/div>\n<div class=\"form-field\">\n\t<label for=\"privacy-policy\">Pol\u00edtica de privacidad<\/label>\n\t<span class=\"wpcf7-form-control-wrap\" data-name=\"privacy-policy\"><span class=\"wpcf7-form-control wpcf7-acceptance\"><span class=\"wpcf7-list-item\"><label><input type=\"checkbox\" name=\"privacy-policy\" value=\"1\" id=\"privacy-policy\" aria-invalid=\"false\" \/><span class=\"wpcf7-list-item-label\">Acepto pol\u00edtica de privacidad<\/span><\/label><\/span><\/span><\/span>\n\t<p class=\"form-help-text\">\n\t\tPROTECCI\u00d3N DE DATOS.- De conformidad con el Reglamento (UE) 2016\/679 del Parlamento Europeo y del Consejo, de 27 de abril de 2016, relativo a la protecci\u00f3n de las personas f\u00edsicas en lo que respecta al tratamiento de datos personales y a la libre circulaci\u00f3n de estos datos, los datos personales facilitados ser\u00e1n tratados por el CTB Colegio de Teatro de Barcelona para gestionar tu inscripci\u00f3n o matr\u00edcula en los diferentes cursos ofrecidos en la web e informarte sobre las actividades y proyectos que el CTB Colegio de Teatro desarrolla. Por lo tanto, el tratamiento de los datos est\u00e1 legitimado por el consentimiento expreso del interesado, siendo los destinatarios los departamentos de la entidad. Los datos proporcionados no ser\u00e1n cedidos a terceros, salvo consentimiento expreso del interesado. El interesado puede ejercer sus derechos de acceso, rectificaci\u00f3n, supresi\u00f3n (\u00abolvido\u00bb), oposici\u00f3n, limitaci\u00f3n del tratamiento, portabilidad de los datos y dem\u00e1s derechos legalmente reconocidos, mediante escrito dirigido a: Colegio de Teatro de Barcelona - Av. Francesc Ferrer i Gu\u00e0rdia, 13 - 08038 Barcelona. O bien por correo electr\u00f3nico a: secre@coleteatre.com. Puedes consultar la informaci\u00f3n adicional y detallada sobre protecci\u00f3n de datos en nuestra web, en la pol\u00edtica de privacidad, o solicitar una copia a la entidad.\n\t<\/p>\n<\/div>\n[honeypot subject]\n<div class=\"form-field\">\n\t<input class=\"wpcf7-form-control wpcf7-submit has-spinner\" type=\"submit\" value=\"Enviar\" \/>\n<\/div>\n<div class=\"form-field form-instructions\">\n\tEs obligatorio rellernar los campos marcados con un asterisco <span class=\"required\">*<\/span>\n<\/div><div class=\"wpcf7-response-output\" aria-hidden=\"true\"><\/div>\n<\/form>\n<\/div>\n<\/div>\n<\/div>\n<\/div>\n\n\n\n<p><\/p>\n","protected":false},"excerpt":{"rendered":"<p>Direcci\u00f3n Recinto Poble Espanyol\u2028C. Francesc Ferrer i Gu\u00e0rdia, 13Buz\u00f3n 89 08038 Barcelona Tel\u00e9fonos de contacto 651 85 44 89934 239 737 Email de contacto secre@coleteatre.com Horario secretaria De setiembre a junio: Lunes a jueves de 10 a 14h i de 16 a 19.30hViernes de 10 a 15h. Julio: Lunes a viernes de 10 a 14hCita [&hellip;]<\/p>\n","protected":false},"author":1,"featured_media":0,"parent":0,"menu_order":16,"comment_status":"closed","ping_status":"closed","template":"","meta":{"_seopress_robots_primary_cat":"","_seopress_titles_title":"","_seopress_titles_desc":"","_seopress_robots_index":"","inline_featured_image":false,"workshop_title":"","post_summary":"","footnotes":""},"class_list":["post-634","page","type-page","status-publish","hentry"],"_links":{"self":[{"href":"https:\/\/www.coledeteatredebarcelona.com\/es\/wp-json\/wp\/v2\/pages\/634","targetHints":{"allow":["GET"]}}],"collection":[{"href":"https:\/\/www.coledeteatredebarcelona.com\/es\/wp-json\/wp\/v2\/pages"}],"about":[{"href":"https:\/\/www.coledeteatredebarcelona.com\/es\/wp-json\/wp\/v2\/types\/page"}],"author":[{"embeddable":true,"href":"https:\/\/www.coledeteatredebarcelona.com\/es\/wp-json\/wp\/v2\/users\/1"}],"replies":[{"embeddable":true,"href":"https:\/\/www.coledeteatredebarcelona.com\/es\/wp-json\/wp\/v2\/comments?post=634"}],"version-history":[{"count":0,"href":"https:\/\/www.coledeteatredebarcelona.com\/es\/wp-json\/wp\/v2\/pages\/634\/revisions"}],"wp:attachment":[{"href":"https:\/\/www.coledeteatredebarcelona.com\/es\/wp-json\/wp\/v2\/media?parent=634"}],"curies":[{"name":"wp","href":"https:\/\/api.w.org\/{rel}","templated":true}]}}