{"id":636,"date":"2022-11-11T10:04:39","date_gmt":"2022-11-11T10:04:39","guid":{"rendered":"https:\/\/www.coledeteatredebarcelona.com\/avis-legal\/"},"modified":"2025-07-01T10:37:50","modified_gmt":"2025-07-01T10:37:50","slug":"avis-legal","status":"publish","type":"page","link":"https:\/\/www.coledeteatredebarcelona.com\/es\/avis-legal\/","title":{"rendered":"Aviso legal"},"content":{"rendered":"\n<p><strong>Condiciones generales de uso de la p\u00e1gina web&nbsp;<a href=\"http:\/\/www.coleteatredebarcelona.com\/\" target=\"_blank\" rel=\"noreferrer noopener\">www.coleteatredebarcelona.com<\/a><\/strong><\/p>\n\n\n\n<h3 class=\"wp-block-heading\">1. IDENTIFICACI\u00d3N Y ACTIVIDAD DE LA SOCIEDAD.<\/h3>\n\n\n\n<p>El&nbsp;<em>Col\u00b7legi de Teatre de Barcelona<\/em>&nbsp;(en adelante, \u00abCol\u00b7legi de Teatre de Barcelona\u00bb), con domicilio social en&nbsp;*C\/ Francesc i Gu\u00e0rdia, 13, B\u00fastia 89, 08038 Barcelona*, con CIF&nbsp;*B-62229313*, inscrita en el Registro Mercantil de Barcelona, es una sociedad dedicada a la ense\u00f1anza de teatro.<\/p>\n\n\n\n<h3 class=\"wp-block-heading\">2. RESPONSABILIDADES DE USO.<\/h3>\n\n\n\n<p>Ambas partes son responsables de la veracidad de los datos que se env\u00eden y gestionen a trav\u00e9s del sistema. El Usuario deber\u00e1 disponer de los medios materiales, sistemas, redes de comunicaci\u00f3n, maquinaria y equipos necesarios para el correcto funcionamiento del sistema.<\/p>\n\n\n\n<p>El Usuario y el&nbsp;<em>Col\u00b7legi de Teatre de Barcelona<\/em>&nbsp;adoptar\u00e1n todas las medidas de seguridad necesarias, conforme a la tecnolog\u00eda y situaci\u00f3n en el mercado, con el fin de no introducir ning\u00fan tipo de c\u00f3digo contaminante o virus en el sistema. No obstante, el&nbsp;<em>Col\u00b7legi de Teatre de Barcelona<\/em>&nbsp;excluye cualquier responsabilidad por da\u00f1os y perjuicios relacionados con:<\/p>\n\n\n<div class=\"wp-block-list\">\n<ul class=\"wp-block-list\">\n<li>El mal funcionamiento de la p\u00e1gina web o de los servicios y promociones ofrecidos a trav\u00e9s de ella, as\u00ed como la falta de adaptaci\u00f3n de la p\u00e1gina web a un fin concreto esperado por los Usuarios.<\/li>\n\n\n\n<li>La presencia de c\u00f3digos contaminantes, virus u otros elementos que pudieran alterar el sistema inform\u00e1tico o los archivos de los Usuarios.<\/li>\n<\/ul>\n<\/div>\n\n\n<h3 class=\"wp-block-heading\">3. SEGURIDAD Y CONFIDENCIALIDAD. POL\u00cdTICA DE PROTECCI\u00d3N DE DATOS.<\/h3>\n\n\n\n<p>Los datos personales proporcionados por usted, as\u00ed como los que en cualquier momento nos facilite, ser\u00e1n tratados conforme a los t\u00e9rminos y condiciones establecidos en nuestra Pol\u00edtica de Privacidad. El mero uso de nuestra p\u00e1gina web implica la aceptaci\u00f3n de las presentes Condiciones Generales y de la Pol\u00edtica de Privacidad incluida en ellas.<\/p>\n\n\n\n<h3 class=\"wp-block-heading\">4. PROPIEDAD INTELECTUAL E INDUSTRIAL.<\/h3>\n\n\n\n<p>Toda la informaci\u00f3n contenida en la p\u00e1gina web&nbsp;<em><a href=\"http:\/\/www.coleteatredebarcelona.com\/\" target=\"_blank\" rel=\"noreferrer noopener\">www.coleteatredebarcelona.com<\/a><\/em>, como, a t\u00edtulo enunciativo, el dise\u00f1o gr\u00e1fico, las im\u00e1genes, los c\u00f3digos fuente, las marcas, los r\u00f3tulos de establecimiento, los nombres comerciales, las denominaciones, otros signos distintivos o enlaces a terceros, etc., est\u00e1n sujetos a derechos de propiedad intelectual e industrial del&nbsp;<em>Col\u00b7legi de Teatre de Barcelona<\/em>&nbsp;o de terceros.<\/p>\n\n\n\n<p>En ning\u00fan caso el acceso a los servicios del&nbsp;<em>Col\u00b7legi de Teatre de Barcelona<\/em>&nbsp;implica la renuncia, transmisi\u00f3n, cesi\u00f3n o licencia total o parcial de estos derechos, ni confiere ning\u00fan derecho de uso, traducci\u00f3n, adaptaci\u00f3n, alteraci\u00f3n, explotaci\u00f3n, reproducci\u00f3n, distribuci\u00f3n o comunicaci\u00f3n p\u00fablica de dichos derechos de propiedad intelectual sin la previa y expresa autorizaci\u00f3n del&nbsp;<em>Col\u00b7legi de Teatre de Barcelona<\/em>&nbsp;o del tercero titular de los derechos afectados. Por tanto, a t\u00edtulo enunciativo y no limitativo, el Usuario no estar\u00e1 autorizado a reproducir, descompilar, invertir, transformar, modificar ni actualizar el sistema sin la autorizaci\u00f3n previa y por escrito del&nbsp;<em>Col\u00b7legi de Teatre de Barcelona<\/em>.<\/p>\n\n\n\n<p>En ning\u00fan caso est\u00e1 autorizada (y ser\u00e1 perseguida) la reproducci\u00f3n total o parcial de los datos y contenidos a los que se acceda a trav\u00e9s de&nbsp;<em><a href=\"http:\/\/www.coleteatredebarcelona.com\/\" target=\"_blank\" rel=\"noreferrer noopener\">www.coleteatredebarcelona.com<\/a><\/em>&nbsp;si se utilizan infringiendo la legislaci\u00f3n vigente en materia de propiedad industrial o intelectual.<\/p>\n\n\n\n<p>No obstante, quedan exentos de responsabilidad los derechos del Usuario previstos por las disposiciones legales vigentes, as\u00ed como el derecho del Usuario a visualizar y obtener una copia en la memoria cach\u00e9 de su ordenador como reproducci\u00f3n transitoria y accesoria, sin que en ning\u00fan caso est\u00e9 autorizado a comunicarla a terceros.<\/p>\n\n\n\n<h3 class=\"wp-block-heading\">5. POL\u00cdTICA DE ENLACES.<\/h3>\n\n\n\n<p>El&nbsp;<em>Col\u00b7legi de Teatre de Barcelona<\/em>&nbsp;no se har\u00e1 responsable de los da\u00f1os y perjuicios derivados de los servicios y contenidos ofrecidos en las p\u00e1ginas web a las que los Usuarios puedan acceder a trav\u00e9s de los enlaces incluidos en&nbsp;<em><a href=\"http:\/\/www.coleteatredebarcelona.com\/\" target=\"_blank\" rel=\"noreferrer noopener\">www.coleteatredebarcelona.com<\/a><\/em>.<\/p>\n\n\n\n<h3 class=\"wp-block-heading\">6. NOTIFICACIONES.<\/h3>\n\n\n\n<p>Cualquier notificaci\u00f3n podr\u00e1 ser dirigida al&nbsp;<em>Col\u00b7legi de Teatre de Barcelona<\/em>&nbsp;a la direcci\u00f3n indicada en el encabezado o mediante el env\u00edo de un correo electr\u00f3nico a la siguiente direcci\u00f3n: (<em><a href=\"https:\/\/mailto:secre@coleteatre.com\/\" target=\"_blank\" rel=\"noreferrer noopener\">secre@coleteatre.com<\/a><\/em>).<\/p>\n\n\n\n<h3 class=\"wp-block-heading\">7. LEGISLACI\u00d3N APLICABLE Y JURISDICCI\u00d3N.<\/h3>\n\n\n\n<p>Las presentes condiciones quedan sujetas a la normativa del derecho com\u00fan espa\u00f1ol. Los Usuarios se someten expresamente, para cualquier cuesti\u00f3n, discrepancia, controversia o reclamaci\u00f3n derivada de la ejecuci\u00f3n, interpretaci\u00f3n o cumplimiento de las obligaciones establecidas entre el&nbsp;<em>Col\u00b7legi de Teatre de Barcelona<\/em>&nbsp;y los usuarios de la p\u00e1gina web&nbsp;<em><a href=\"http:\/\/www.coleteatredebarcelona.com\/\" target=\"_blank\" rel=\"noreferrer noopener\">www.coleteatredebarcelona.com<\/a><\/em>, a los Juzgados y Tribunales de Barcelona, con renuncia expresa a cualquier otro fuero que por ley pudiera corresponderles.<\/p>\n\n\n\n<h3 class=\"wp-block-heading\">8. CONSENTIMIENTO DEL USUARIO.<\/h3>\n\n\n\n<p>El mero acceso y uso de la p\u00e1gina web&nbsp;<em><a href=\"http:\/\/www.coleteatredebarcelona.com\/\" target=\"_blank\" rel=\"noreferrer noopener\">www.coleteatredebarcelona.com<\/a><\/em>&nbsp;por parte del Usuario implica la aceptaci\u00f3n de las presentes Condiciones Generales de Uso.<\/p>\n","protected":false},"excerpt":{"rendered":"<p>Condiciones generales de uso de la p\u00e1gina web&nbsp;www.coleteatredebarcelona.com 1. IDENTIFICACI\u00d3N Y ACTIVIDAD DE LA SOCIEDAD. El&nbsp;Col\u00b7legi de Teatre de Barcelona&nbsp;(en adelante, \u00abCol\u00b7legi de Teatre de Barcelona\u00bb), con domicilio social en&nbsp;*C\/ Francesc i Gu\u00e0rdia, 13, B\u00fastia 89, 08038 Barcelona*, con CIF&nbsp;*B-62229313*, inscrita en el Registro Mercantil de Barcelona, es una sociedad dedicada a la ense\u00f1anza de [&hellip;]<\/p>\n","protected":false},"author":1,"featured_media":0,"parent":0,"menu_order":24,"comment_status":"closed","ping_status":"closed","template":"controllers\/legal-page.php","meta":{"_seopress_robots_primary_cat":"","_seopress_titles_title":"","_seopress_titles_desc":"","_seopress_robots_index":"","inline_featured_image":false,"workshop_title":"","post_summary":"","footnotes":""},"class_list":["post-636","page","type-page","status-publish","hentry"],"_links":{"self":[{"href":"https:\/\/www.coledeteatredebarcelona.com\/es\/wp-json\/wp\/v2\/pages\/636","targetHints":{"allow":["GET"]}}],"collection":[{"href":"https:\/\/www.coledeteatredebarcelona.com\/es\/wp-json\/wp\/v2\/pages"}],"about":[{"href":"https:\/\/www.coledeteatredebarcelona.com\/es\/wp-json\/wp\/v2\/types\/page"}],"author":[{"embeddable":true,"href":"https:\/\/www.coledeteatredebarcelona.com\/es\/wp-json\/wp\/v2\/users\/1"}],"replies":[{"embeddable":true,"href":"https:\/\/www.coledeteatredebarcelona.com\/es\/wp-json\/wp\/v2\/comments?post=636"}],"version-history":[{"count":0,"href":"https:\/\/www.coledeteatredebarcelona.com\/es\/wp-json\/wp\/v2\/pages\/636\/revisions"}],"wp:attachment":[{"href":"https:\/\/www.coledeteatredebarcelona.com\/es\/wp-json\/wp\/v2\/media?parent=636"}],"curies":[{"name":"wp","href":"https:\/\/api.w.org\/{rel}","templated":true}]}}